{"id":1772,"date":"2021-07-14T11:52:47","date_gmt":"2021-07-14T15:52:47","guid":{"rendered":"https:\/\/murrayfrankel.com\/?page_id=1772"},"modified":"2021-07-14T12:25:05","modified_gmt":"2021-07-14T16:25:05","slug":"accueil","status":"publish","type":"page","link":"https:\/\/murrayfrankel.com\/fr\/","title":{"rendered":"Accueil"},"content":{"rendered":"<div id=\"cs-content\" class=\"cs-content\"><\/div>\n","protected":false},"excerpt":{"rendered":"<p>NOS SERVICESNous effectuons une vaste gamme d&rsquo;\u00e9valuations de b\u00e2timents dans les secteurs commercial, multir\u00e9sidentiel et industriel. Puisque nous avons une vaste expertise juridique en droit de la construction et que nous travaillons en \u00e9troite collaboration avec des cabinets d&rsquo;avocats, nous pouvons apporter des solutions aux litiges et aux probl\u00e8mes juridiques en mati\u00e8re de construction. De plus, nous pouvons agir \u00e0 &#8230;<\/p>\n","protected":false},"author":3,"featured_media":0,"parent":0,"menu_order":0,"comment_status":"closed","ping_status":"closed","template":"template-blank-4.php","meta":{"rs_blank_template":"","rs_page_bg_color":"","slide_template_v7":"","footnotes":""},"yst_prominent_words":[33,86,65,55],"class_list":["post-1772","page","type-page","status-publish","hentry","no-post-thumbnail"],"_links":{"self":[{"href":"https:\/\/murrayfrankel.com\/fr\/wp-json\/wp\/v2\/pages\/1772","targetHints":{"allow":["GET"]}}],"collection":[{"href":"https:\/\/murrayfrankel.com\/fr\/wp-json\/wp\/v2\/pages"}],"about":[{"href":"https:\/\/murrayfrankel.com\/fr\/wp-json\/wp\/v2\/types\/page"}],"author":[{"embeddable":true,"href":"https:\/\/murrayfrankel.com\/fr\/wp-json\/wp\/v2\/users\/3"}],"replies":[{"embeddable":true,"href":"https:\/\/murrayfrankel.com\/fr\/wp-json\/wp\/v2\/comments?post=1772"}],"version-history":[{"count":10,"href":"https:\/\/murrayfrankel.com\/fr\/wp-json\/wp\/v2\/pages\/1772\/revisions"}],"predecessor-version":[{"id":1783,"href":"https:\/\/murrayfrankel.com\/fr\/wp-json\/wp\/v2\/pages\/1772\/revisions\/1783"}],"wp:attachment":[{"href":"https:\/\/murrayfrankel.com\/fr\/wp-json\/wp\/v2\/media?parent=1772"}],"wp:term":[{"taxonomy":"yst_prominent_words","embeddable":true,"href":"https:\/\/murrayfrankel.com\/fr\/wp-json\/wp\/v2\/yst_prominent_words?post=1772"}],"curies":[{"name":"wp","href":"https:\/\/api.w.org\/{rel}","templated":true}]}}